{"id":1463,"date":"2022-10-06T00:09:14","date_gmt":"2022-10-06T00:09:14","guid":{"rendered":"https:\/\/elevat.com.mx\/?page_id=1463"},"modified":"2025-12-09T04:58:52","modified_gmt":"2025-12-09T04:58:52","slug":"automotriz","status":"publish","type":"page","link":"https:\/\/elevat.com.mx\/?page_id=1463","title":{"rendered":"Automotriz"},"content":{"rendered":"\t\t<div data-elementor-type=\"wp-page\" data-elementor-id=\"1463\" class=\"elementor elementor-1463\">\n\t\t\t\t\t\t<section class=\"elementor-section elementor-top-section elementor-element elementor-element-b7f61a8 elementor-section-full_width elementor-section-height-min-height elementor-section-height-default elementor-section-items-middle\" data-id=\"b7f61a8\" data-element_type=\"section\" data-settings=\"{&quot;background_background&quot;:&quot;classic&quot;}\">\n\t\t\t\t\t\t<div class=\"elementor-container elementor-column-gap-default\">\n\t\t\t\t\t<div class=\"elementor-column elementor-col-33 elementor-top-column elementor-element elementor-element-208ce3e\" data-id=\"208ce3e\" data-element_type=\"column\">\n\t\t\t<div class=\"elementor-widget-wrap\">\n\t\t\t\t\t\t\t<\/div>\n\t\t<\/div>\n\t\t\t\t<div class=\"elementor-column elementor-col-33 elementor-top-column elementor-element elementor-element-1b081d0\" data-id=\"1b081d0\" data-element_type=\"column\" data-settings=\"{&quot;background_background&quot;:&quot;classic&quot;}\">\n\t\t\t<div class=\"elementor-widget-wrap elementor-element-populated\">\n\t\t\t\t\t\t<div class=\"elementor-element elementor-element-541393f elementor-widget elementor-widget-text-editor\" data-id=\"541393f\" data-element_type=\"widget\" data-widget_type=\"text-editor.default\">\n\t\t\t\t<div class=\"elementor-widget-container\">\n\t\t\t\t\t\t\t\t\t<p>AUTOMOTRIZ<\/p>\t\t\t\t\t\t\t\t<\/div>\n\t\t\t\t<\/div>\n\t\t\t\t<div class=\"elementor-element elementor-element-3e8b6a1 elementor-widget-divider--view-line elementor-widget elementor-widget-divider\" data-id=\"3e8b6a1\" data-element_type=\"widget\" data-widget_type=\"divider.default\">\n\t\t\t\t<div class=\"elementor-widget-container\">\n\t\t\t\t\t\t\t<div class=\"elementor-divider\">\n\t\t\t<span class=\"elementor-divider-separator\">\n\t\t\t\t\t\t<\/span>\n\t\t<\/div>\n\t\t\t\t\t\t<\/div>\n\t\t\t\t<\/div>\n\t\t\t\t<div class=\"elementor-element elementor-element-fd8b65c elementor-widget elementor-widget-text-editor\" data-id=\"fd8b65c\" data-element_type=\"widget\" data-widget_type=\"text-editor.default\">\n\t\t\t\t<div class=\"elementor-widget-container\">\n\t\t\t\t\t\t\t\t\t<p>Nuestra tecnolog\u00eda de avanzada con control por microordenador hace segura y eficiente la funcionalidad de los elevadores ELEVAT.<\/p><p>La calidad de el elevador de autom\u00f3viles es excelente, segura y duradera, el rendimiento es avanzado, la operaci\u00f3n es simple, dise\u00f1ado para brindar una experiencia de valor al cliente, puede ahorrar un \u00e1rea significativa en el espacio de construcci\u00f3n.<\/p>\t\t\t\t\t\t\t\t<\/div>\n\t\t\t\t<\/div>\n\t\t\t\t\t<\/div>\n\t\t<\/div>\n\t\t\t\t<div class=\"elementor-column elementor-col-33 elementor-top-column elementor-element elementor-element-7c6f18d\" data-id=\"7c6f18d\" data-element_type=\"column\" data-settings=\"{&quot;background_background&quot;:&quot;classic&quot;}\">\n\t\t\t<div class=\"elementor-widget-wrap\">\n\t\t\t\t\t\t\t<\/div>\n\t\t<\/div>\n\t\t\t\t\t<\/div>\n\t\t<\/section>\n\t\t\t\t<section class=\"elementor-section elementor-top-section elementor-element elementor-element-c353475 elementor-section-boxed elementor-section-height-default elementor-section-height-default\" data-id=\"c353475\" data-element_type=\"section\">\n\t\t\t\t\t\t<div class=\"elementor-container elementor-column-gap-default\">\n\t\t\t\t\t<div class=\"elementor-column elementor-col-100 elementor-top-column elementor-element elementor-element-2452c9f\" data-id=\"2452c9f\" data-element_type=\"column\">\n\t\t\t<div class=\"elementor-widget-wrap elementor-element-populated\">\n\t\t\t\t\t\t<div class=\"elementor-element elementor-element-8695056 elementor-widget elementor-widget-text-editor\" data-id=\"8695056\" data-element_type=\"widget\" data-widget_type=\"text-editor.default\">\n\t\t\t\t<div class=\"elementor-widget-container\">\n\t\t\t\t\t\t\t\t\t<p>PAR\u00c1METROS<\/p>\t\t\t\t\t\t\t\t<\/div>\n\t\t\t\t<\/div>\n\t\t\t\t<div class=\"elementor-element elementor-element-f17afca elementor-widget-divider--view-line elementor-widget elementor-widget-divider\" data-id=\"f17afca\" data-element_type=\"widget\" data-widget_type=\"divider.default\">\n\t\t\t\t<div class=\"elementor-widget-container\">\n\t\t\t\t\t\t\t<div class=\"elementor-divider\">\n\t\t\t<span class=\"elementor-divider-separator\">\n\t\t\t\t\t\t<\/span>\n\t\t<\/div>\n\t\t\t\t\t\t<\/div>\n\t\t\t\t<\/div>\n\t\t\t\t<div class=\"elementor-element elementor-element-ebf993a elementor-tabs-view-vertical elementor-widget elementor-widget-tabs\" data-id=\"ebf993a\" data-element_type=\"widget\" data-widget_type=\"tabs.default\">\n\t\t\t\t<div class=\"elementor-widget-container\">\n\t\t\t\t\t\t\t<div class=\"elementor-tabs\">\n\t\t\t<div class=\"elementor-tabs-wrapper\" role=\"tablist\" >\n\t\t\t\t\t\t\t\t\t<div id=\"elementor-tab-title-2471\" class=\"elementor-tab-title elementor-tab-desktop-title\" aria-selected=\"true\" data-tab=\"1\" role=\"tab\" tabindex=\"0\" aria-controls=\"elementor-tab-content-2471\" aria-expanded=\"false\">CUARTO CON M\u00c1QUINAS<\/div>\n\t\t\t\t\t\t\t\t\t<div id=\"elementor-tab-title-2472\" class=\"elementor-tab-title elementor-tab-desktop-title\" aria-selected=\"false\" data-tab=\"2\" role=\"tab\" tabindex=\"-1\" aria-controls=\"elementor-tab-content-2472\" aria-expanded=\"false\">CUARTO SIN M\u00c1QUINAS<\/div>\n\t\t\t\t\t\t\t<\/div>\n\t\t\t<div class=\"elementor-tabs-content-wrapper\" role=\"tablist\" aria-orientation=\"vertical\">\n\t\t\t\t\t\t\t\t\t<div class=\"elementor-tab-title elementor-tab-mobile-title\" aria-selected=\"true\" data-tab=\"1\" role=\"tab\" tabindex=\"0\" aria-controls=\"elementor-tab-content-2471\" aria-expanded=\"false\">CUARTO CON M\u00c1QUINAS<\/div>\n\t\t\t\t\t<div id=\"elementor-tab-content-2471\" class=\"elementor-tab-content elementor-clearfix\" data-tab=\"1\" role=\"tabpanel\" aria-labelledby=\"elementor-tab-title-2471\" tabindex=\"0\" hidden=\"false\"><p><img fetchpriority=\"high\" decoding=\"async\" class=\"alignnone size-full wp-image-1474\" src=\"https:\/\/elevat.com.mx\/wp-content\/uploads\/2022\/10\/Elevador-carga-Parametros-1-2.jpg\" alt=\"\" width=\"619\" height=\"764\" srcset=\"https:\/\/elevat.com.mx\/wp-content\/uploads\/2022\/10\/Elevador-carga-Parametros-1-2.jpg 619w, https:\/\/elevat.com.mx\/wp-content\/uploads\/2022\/10\/Elevador-carga-Parametros-1-2-243x300.jpg 243w\" sizes=\"(max-width: 619px) 100vw, 619px\" \/><img decoding=\"async\" class=\"alignnone size-medium wp-image-1475\" src=\"https:\/\/elevat.com.mx\/wp-content\/uploads\/2022\/10\/carga-con-maquinas-130x300.png\" alt=\"\" width=\"130\" height=\"300\" srcset=\"https:\/\/elevat.com.mx\/wp-content\/uploads\/2022\/10\/carga-con-maquinas-130x300.png 130w, https:\/\/elevat.com.mx\/wp-content\/uploads\/2022\/10\/carga-con-maquinas.png 281w\" sizes=\"(max-width: 130px) 100vw, 130px\" \/><\/p><p><img decoding=\"async\" class=\"alignnone size-full wp-image-1476\" src=\"https:\/\/elevat.com.mx\/wp-content\/uploads\/2022\/10\/Elevador-carga-Especificaciones-1-2.jpg\" alt=\"\" width=\"656\" height=\"503\" srcset=\"https:\/\/elevat.com.mx\/wp-content\/uploads\/2022\/10\/Elevador-carga-Especificaciones-1-2.jpg 656w, https:\/\/elevat.com.mx\/wp-content\/uploads\/2022\/10\/Elevador-carga-Especificaciones-1-2-300x230.jpg 300w\" sizes=\"(max-width: 656px) 100vw, 656px\" \/><\/p><\/div>\n\t\t\t\t\t\t\t\t\t<div class=\"elementor-tab-title elementor-tab-mobile-title\" aria-selected=\"false\" data-tab=\"2\" role=\"tab\" tabindex=\"-1\" aria-controls=\"elementor-tab-content-2472\" aria-expanded=\"false\">CUARTO SIN M\u00c1QUINAS<\/div>\n\t\t\t\t\t<div id=\"elementor-tab-content-2472\" class=\"elementor-tab-content elementor-clearfix\" data-tab=\"2\" role=\"tabpanel\" aria-labelledby=\"elementor-tab-title-2472\" tabindex=\"0\" hidden=\"hidden\"><p><img loading=\"lazy\" decoding=\"async\" class=\"alignnone size-full wp-image-1481\" src=\"https:\/\/elevat.com.mx\/wp-content\/uploads\/2022\/10\/Elevador-carga-Especificaciones-SinCuarto-1-2.jpg\" alt=\"\" width=\"584\" height=\"774\" srcset=\"https:\/\/elevat.com.mx\/wp-content\/uploads\/2022\/10\/Elevador-carga-Especificaciones-SinCuarto-1-2.jpg 584w, https:\/\/elevat.com.mx\/wp-content\/uploads\/2022\/10\/Elevador-carga-Especificaciones-SinCuarto-1-2-226x300.jpg 226w\" sizes=\"(max-width: 584px) 100vw, 584px\" \/><img loading=\"lazy\" decoding=\"async\" class=\"wp-image-1482 aligncenter\" src=\"https:\/\/elevat.com.mx\/wp-content\/uploads\/2022\/10\/carga-sin-maquina.png\" alt=\"\" width=\"172\" height=\"434\" srcset=\"https:\/\/elevat.com.mx\/wp-content\/uploads\/2022\/10\/carga-sin-maquina.png 267w, https:\/\/elevat.com.mx\/wp-content\/uploads\/2022\/10\/carga-sin-maquina-119x300.png 119w\" sizes=\"(max-width: 172px) 100vw, 172px\" \/><\/p><\/div>\n\t\t\t\t\t\t\t<\/div>\n\t\t<\/div>\n\t\t\t\t\t\t<\/div>\n\t\t\t\t<\/div>\n\t\t\t\t\t<\/div>\n\t\t<\/div>\n\t\t\t\t\t<\/div>\n\t\t<\/section>\n\t\t\t\t<section class=\"elementor-section elementor-top-section elementor-element elementor-element-2deb5db1 elementor-section-content-middle elementor-section-full_width elementor-section-height-default elementor-section-height-default\" data-id=\"2deb5db1\" data-element_type=\"section\" data-settings=\"{&quot;background_background&quot;:&quot;classic&quot;}\">\n\t\t\t\t\t\t<div class=\"elementor-container elementor-column-gap-no\">\n\t\t\t\t\t<div class=\"elementor-column elementor-col-50 elementor-top-column elementor-element elementor-element-ff3fada\" data-id=\"ff3fada\" data-element_type=\"column\">\n\t\t\t<div class=\"elementor-widget-wrap elementor-element-populated\">\n\t\t\t\t\t\t<div class=\"elementor-element elementor-element-3df17a75 elementor-widget elementor-widget-image\" data-id=\"3df17a75\" data-element_type=\"widget\" data-widget_type=\"image.default\">\n\t\t\t\t<div class=\"elementor-widget-container\">\n\t\t\t\t\t\t\t\t\t\t\t\t\t\t\t<img loading=\"lazy\" decoding=\"async\" width=\"722\" height=\"312\" src=\"https:\/\/elevat.com.mx\/wp-content\/uploads\/2022\/10\/logo-elevat-footer.png\" class=\"attachment-large size-large wp-image-1429\" alt=\"\" srcset=\"https:\/\/elevat.com.mx\/wp-content\/uploads\/2022\/10\/logo-elevat-footer.png 722w, https:\/\/elevat.com.mx\/wp-content\/uploads\/2022\/10\/logo-elevat-footer-300x130.png 300w\" sizes=\"(max-width: 722px) 100vw, 722px\" \/>\t\t\t\t\t\t\t\t\t\t\t\t\t\t\t<\/div>\n\t\t\t\t<\/div>\n\t\t\t\t\t<\/div>\n\t\t<\/div>\n\t\t\t\t<div class=\"elementor-column elementor-col-50 elementor-top-column elementor-element elementor-element-37ac4d04\" data-id=\"37ac4d04\" data-element_type=\"column\">\n\t\t\t<div class=\"elementor-widget-wrap elementor-element-populated\">\n\t\t\t\t\t\t<div class=\"elementor-element elementor-element-2d959bf7 elementor-shape-rounded elementor-grid-0 e-grid-align-center elementor-widget elementor-widget-social-icons\" data-id=\"2d959bf7\" data-element_type=\"widget\" data-widget_type=\"social-icons.default\">\n\t\t\t\t<div class=\"elementor-widget-container\">\n\t\t\t\t\t\t\t<div class=\"elementor-social-icons-wrapper elementor-grid\" role=\"list\">\n\t\t\t\t\t\t\t<span class=\"elementor-grid-item\" role=\"listitem\">\n\t\t\t\t\t<a class=\"elementor-icon elementor-social-icon elementor-social-icon-facebook elementor-repeater-item-94084fd\" href=\"https:\/\/www.facebook.com\/elevatelevadoresinteligentes\" target=\"_blank\">\n\t\t\t\t\t\t<span class=\"elementor-screen-only\">Facebook<\/span>\n\t\t\t\t\t\t<i aria-hidden=\"true\" class=\"fab fa-facebook\"><\/i>\t\t\t\t\t<\/a>\n\t\t\t\t<\/span>\n\t\t\t\t\t\t\t<span class=\"elementor-grid-item\" role=\"listitem\">\n\t\t\t\t\t<a class=\"elementor-icon elementor-social-icon elementor-social-icon-twitter elementor-repeater-item-66d29ae\" target=\"_blank\">\n\t\t\t\t\t\t<span class=\"elementor-screen-only\">Twitter<\/span>\n\t\t\t\t\t\t<i aria-hidden=\"true\" class=\"fab fa-twitter\"><\/i>\t\t\t\t\t<\/a>\n\t\t\t\t<\/span>\n\t\t\t\t\t\t\t<span class=\"elementor-grid-item\" role=\"listitem\">\n\t\t\t\t\t<a class=\"elementor-icon elementor-social-icon elementor-social-icon-youtube elementor-repeater-item-a5219aa\" target=\"_blank\">\n\t\t\t\t\t\t<span class=\"elementor-screen-only\">Youtube<\/span>\n\t\t\t\t\t\t<i aria-hidden=\"true\" class=\"fab fa-youtube\"><\/i>\t\t\t\t\t<\/a>\n\t\t\t\t<\/span>\n\t\t\t\t\t\t\t<span class=\"elementor-grid-item\" role=\"listitem\">\n\t\t\t\t\t<a class=\"elementor-icon elementor-social-icon elementor-social-icon-instagram elementor-repeater-item-c489a09\" target=\"_blank\">\n\t\t\t\t\t\t<span class=\"elementor-screen-only\">Instagram<\/span>\n\t\t\t\t\t\t<i aria-hidden=\"true\" class=\"fab fa-instagram\"><\/i>\t\t\t\t\t<\/a>\n\t\t\t\t<\/span>\n\t\t\t\t\t<\/div>\n\t\t\t\t\t\t<\/div>\n\t\t\t\t<\/div>\n\t\t\t\t\t<\/div>\n\t\t<\/div>\n\t\t\t\t\t<\/div>\n\t\t<\/section>\n\t\t\t\t<section class=\"elementor-section elementor-top-section elementor-element elementor-element-6691cecd elementor-section-full_width elementor-section-height-default elementor-section-height-default\" data-id=\"6691cecd\" data-element_type=\"section\" data-settings=\"{&quot;background_background&quot;:&quot;classic&quot;}\">\n\t\t\t\t\t\t<div class=\"elementor-container elementor-column-gap-default\">\n\t\t\t\t\t<div class=\"elementor-column elementor-col-100 elementor-top-column elementor-element elementor-element-2fe31209\" data-id=\"2fe31209\" data-element_type=\"column\">\n\t\t\t<div class=\"elementor-widget-wrap elementor-element-populated\">\n\t\t\t\t\t\t<div class=\"elementor-element elementor-element-d2e9608 elementor-widget elementor-widget-text-editor\" data-id=\"d2e9608\" data-element_type=\"widget\" data-widget_type=\"text-editor.default\">\n\t\t\t\t<div class=\"elementor-widget-container\">\n\t\t\t\t\t\t\t\t\t<p><a href=\"https:\/\/elevat.com.mx\/?page_id=1998\">\u00a0AVISO DE PRIVACIDAD<\/a><\/p>\t\t\t\t\t\t\t\t<\/div>\n\t\t\t\t<\/div>\n\t\t\t\t<div class=\"elementor-element elementor-element-5067b77e elementor-widget elementor-widget-text-editor\" data-id=\"5067b77e\" data-element_type=\"widget\" data-widget_type=\"text-editor.default\">\n\t\t\t\t<div class=\"elementor-widget-container\">\n\t\t\t\t\t\t\t\t\t<p>\u00a0ELEVAT \u00ae 2022. Todos los derechos reservados<\/p>\t\t\t\t\t\t\t\t<\/div>\n\t\t\t\t<\/div>\n\t\t\t\t\t<\/div>\n\t\t<\/div>\n\t\t\t\t\t<\/div>\n\t\t<\/section>\n\t\t\t\t<section class=\"elementor-section elementor-top-section elementor-element elementor-element-6bf1a40 elementor-section-full_width elementor-section-height-default elementor-section-height-default\" data-id=\"6bf1a40\" data-element_type=\"section\">\n\t\t\t\t\t\t<div class=\"elementor-container elementor-column-gap-default\">\n\t\t\t\t\t<div class=\"elementor-column elementor-col-100 elementor-top-column elementor-element elementor-element-f05c6b3\" data-id=\"f05c6b3\" data-element_type=\"column\">\n\t\t\t<div class=\"elementor-widget-wrap\">\n\t\t\t\t\t\t\t<\/div>\n\t\t<\/div>\n\t\t\t\t\t<\/div>\n\t\t<\/section>\n\t\t\t\t<\/div>\n\t\t","protected":false},"excerpt":{"rendered":"<p>AUTOMOTRIZ Nuestra tecnolog\u00eda de avanzada con control por microordenador hace segura y eficiente la funcionalidad de los elevadores ELEVAT. La calidad de el elevador de autom\u00f3viles es excelente, segura y duradera, el rendimiento es avanzado, la operaci\u00f3n es simple, dise\u00f1ado para brindar una experiencia de valor al cliente, puede ahorrar un \u00e1rea significativa en el [&hellip;]<\/p>\n","protected":false},"author":1,"featured_media":0,"parent":0,"menu_order":0,"comment_status":"closed","ping_status":"closed","template":"template-page-builders.php","meta":{"footnotes":""},"class_list":["post-1463","page","type-page","status-publish","hentry"],"_links":{"self":[{"href":"https:\/\/elevat.com.mx\/index.php?rest_route=\/wp\/v2\/pages\/1463","targetHints":{"allow":["GET"]}}],"collection":[{"href":"https:\/\/elevat.com.mx\/index.php?rest_route=\/wp\/v2\/pages"}],"about":[{"href":"https:\/\/elevat.com.mx\/index.php?rest_route=\/wp\/v2\/types\/page"}],"author":[{"embeddable":true,"href":"https:\/\/elevat.com.mx\/index.php?rest_route=\/wp\/v2\/users\/1"}],"replies":[{"embeddable":true,"href":"https:\/\/elevat.com.mx\/index.php?rest_route=%2Fwp%2Fv2%2Fcomments&post=1463"}],"version-history":[{"count":16,"href":"https:\/\/elevat.com.mx\/index.php?rest_route=\/wp\/v2\/pages\/1463\/revisions"}],"predecessor-version":[{"id":2026,"href":"https:\/\/elevat.com.mx\/index.php?rest_route=\/wp\/v2\/pages\/1463\/revisions\/2026"}],"wp:attachment":[{"href":"https:\/\/elevat.com.mx\/index.php?rest_route=%2Fwp%2Fv2%2Fmedia&parent=1463"}],"curies":[{"name":"wp","href":"https:\/\/api.w.org\/{rel}","templated":true}]}}