{"id":1613,"date":"2022-10-09T01:13:52","date_gmt":"2022-10-09T01:13:52","guid":{"rendered":"https:\/\/elevat.com.mx\/?page_id=1613"},"modified":"2025-12-09T04:59:06","modified_gmt":"2025-12-09T04:59:06","slug":"blog","status":"publish","type":"page","link":"https:\/\/elevat.com.mx\/?page_id=1613","title":{"rendered":"Blog"},"content":{"rendered":"\t\t<div data-elementor-type=\"wp-page\" data-elementor-id=\"1613\" class=\"elementor elementor-1613\">\n\t\t\t\t\t\t<section class=\"elementor-section elementor-top-section elementor-element elementor-element-5d93b24 elementor-section-boxed elementor-section-height-default elementor-section-height-default\" data-id=\"5d93b24\" data-element_type=\"section\">\n\t\t\t\t\t\t<div class=\"elementor-container elementor-column-gap-default\">\n\t\t\t\t\t<div class=\"elementor-column elementor-col-100 elementor-top-column elementor-element elementor-element-b699418\" data-id=\"b699418\" data-element_type=\"column\">\n\t\t\t<div class=\"elementor-widget-wrap elementor-element-populated\">\n\t\t\t\t\t\t<div class=\"elementor-element elementor-element-3a4515d elementor-widget elementor-widget-popularis-extra-posts\" data-id=\"3a4515d\" data-element_type=\"widget\" data-widget_type=\"popularis-extra-posts.default\">\n\t\t\t\t<div class=\"elementor-widget-container\">\n\t\t\t\t\t\n            <div class=\"popularis-posts-shortcode\">\n                <div class=\"latest-news-wrapper\">\n                                            <article id=\"post-1633\" class=\"news-item text-center col-md-6 post-1633 post type-post status-publish format-standard has-post-thumbnail hentry category-elevadores\">\n                            <div class=\"entry-thumb\">\n                                <img fetchpriority=\"high\" decoding=\"async\" width=\"750\" height=\"500\" src=\"https:\/\/elevat.com.mx\/wp-content\/uploads\/2022\/10\/BLOG-01_seccion.jpg\" class=\"attachment-popularis-img size-popularis-img wp-post-image\" alt=\"\" srcset=\"https:\/\/elevat.com.mx\/wp-content\/uploads\/2022\/10\/BLOG-01_seccion.jpg 750w, https:\/\/elevat.com.mx\/wp-content\/uploads\/2022\/10\/BLOG-01_seccion-300x200.jpg 300w\" sizes=\"(max-width: 750px) 100vw, 750px\" \/>                            <\/div>\t\t\t\t\t\t\n                            <h4 class=\"entry-title\"><a href=\"https:\/\/elevat.com.mx\/?p=1633\" rel=\"bookmark\">Seguridad en el ascensor<\/a><\/h4>                            <div class=\"f-line\"><\/div>\n                            <div class=\"post-excerpt\">\n                                Hoy en d\u00eda, cada vez hay m\u00e1s construcciones en lo vertical, por ende, m\u00e1s elevadores, demos un vistazo a c\u00f3mo prevenir accidentes de seguridad en los mismos. Esta informaci\u00f3n es importante, tanto para los pasajeros&hellip;                            <\/div>\n                        <\/article>\n                                    <\/div>\n            <\/div>\n\n            \n        \t\t\t\t<\/div>\n\t\t\t\t<\/div>\n\t\t\t\t\t<\/div>\n\t\t<\/div>\n\t\t\t\t\t<\/div>\n\t\t<\/section>\n\t\t\t\t<section class=\"elementor-section elementor-top-section elementor-element elementor-element-53cdcca0 elementor-section-content-middle elementor-section-boxed elementor-section-height-default elementor-section-height-default\" data-id=\"53cdcca0\" data-element_type=\"section\" data-settings=\"{&quot;background_background&quot;:&quot;classic&quot;}\">\n\t\t\t\t\t\t<div class=\"elementor-container elementor-column-gap-no\">\n\t\t\t\t\t<div class=\"elementor-column elementor-col-50 elementor-top-column elementor-element elementor-element-227c5c91\" data-id=\"227c5c91\" data-element_type=\"column\">\n\t\t\t<div class=\"elementor-widget-wrap elementor-element-populated\">\n\t\t\t\t\t\t<div class=\"elementor-element elementor-element-4fd7f163 elementor-widget elementor-widget-image\" data-id=\"4fd7f163\" data-element_type=\"widget\" data-widget_type=\"image.default\">\n\t\t\t\t<div class=\"elementor-widget-container\">\n\t\t\t\t\t\t\t\t\t\t\t\t\t\t\t<img decoding=\"async\" width=\"722\" height=\"312\" src=\"https:\/\/elevat.com.mx\/wp-content\/uploads\/2022\/10\/logo-elevat-footer.png\" class=\"attachment-large size-large wp-image-1429\" alt=\"\" srcset=\"https:\/\/elevat.com.mx\/wp-content\/uploads\/2022\/10\/logo-elevat-footer.png 722w, https:\/\/elevat.com.mx\/wp-content\/uploads\/2022\/10\/logo-elevat-footer-300x130.png 300w\" sizes=\"(max-width: 722px) 100vw, 722px\" \/>\t\t\t\t\t\t\t\t\t\t\t\t\t\t\t<\/div>\n\t\t\t\t<\/div>\n\t\t\t\t\t<\/div>\n\t\t<\/div>\n\t\t\t\t<div class=\"elementor-column elementor-col-50 elementor-top-column elementor-element elementor-element-3d5ae648\" data-id=\"3d5ae648\" data-element_type=\"column\">\n\t\t\t<div class=\"elementor-widget-wrap elementor-element-populated\">\n\t\t\t\t\t\t<div class=\"elementor-element elementor-element-25f5b203 elementor-shape-rounded elementor-grid-0 e-grid-align-center elementor-widget elementor-widget-social-icons\" data-id=\"25f5b203\" data-element_type=\"widget\" data-widget_type=\"social-icons.default\">\n\t\t\t\t<div class=\"elementor-widget-container\">\n\t\t\t\t\t\t\t<div class=\"elementor-social-icons-wrapper elementor-grid\" role=\"list\">\n\t\t\t\t\t\t\t<span class=\"elementor-grid-item\" role=\"listitem\">\n\t\t\t\t\t<a class=\"elementor-icon elementor-social-icon elementor-social-icon-facebook elementor-repeater-item-94084fd\" href=\"https:\/\/www.facebook.com\/elevatelevadoresinteligentes\" target=\"_blank\">\n\t\t\t\t\t\t<span class=\"elementor-screen-only\">Facebook<\/span>\n\t\t\t\t\t\t<i aria-hidden=\"true\" class=\"fab fa-facebook\"><\/i>\t\t\t\t\t<\/a>\n\t\t\t\t<\/span>\n\t\t\t\t\t\t\t<span class=\"elementor-grid-item\" role=\"listitem\">\n\t\t\t\t\t<a class=\"elementor-icon elementor-social-icon elementor-social-icon-twitter elementor-repeater-item-66d29ae\" target=\"_blank\">\n\t\t\t\t\t\t<span class=\"elementor-screen-only\">Twitter<\/span>\n\t\t\t\t\t\t<i aria-hidden=\"true\" class=\"fab fa-twitter\"><\/i>\t\t\t\t\t<\/a>\n\t\t\t\t<\/span>\n\t\t\t\t\t\t\t<span class=\"elementor-grid-item\" role=\"listitem\">\n\t\t\t\t\t<a class=\"elementor-icon elementor-social-icon elementor-social-icon-youtube elementor-repeater-item-a5219aa\" target=\"_blank\">\n\t\t\t\t\t\t<span class=\"elementor-screen-only\">Youtube<\/span>\n\t\t\t\t\t\t<i aria-hidden=\"true\" class=\"fab fa-youtube\"><\/i>\t\t\t\t\t<\/a>\n\t\t\t\t<\/span>\n\t\t\t\t\t\t\t<span class=\"elementor-grid-item\" role=\"listitem\">\n\t\t\t\t\t<a class=\"elementor-icon elementor-social-icon elementor-social-icon-instagram elementor-repeater-item-c489a09\" target=\"_blank\">\n\t\t\t\t\t\t<span class=\"elementor-screen-only\">Instagram<\/span>\n\t\t\t\t\t\t<i aria-hidden=\"true\" class=\"fab fa-instagram\"><\/i>\t\t\t\t\t<\/a>\n\t\t\t\t<\/span>\n\t\t\t\t\t<\/div>\n\t\t\t\t\t\t<\/div>\n\t\t\t\t<\/div>\n\t\t\t\t\t<\/div>\n\t\t<\/div>\n\t\t\t\t\t<\/div>\n\t\t<\/section>\n\t\t\t\t<section class=\"elementor-section elementor-top-section elementor-element elementor-element-6f14f78f elementor-section-boxed elementor-section-height-default elementor-section-height-default\" data-id=\"6f14f78f\" data-element_type=\"section\" data-settings=\"{&quot;background_background&quot;:&quot;classic&quot;}\">\n\t\t\t\t\t\t<div class=\"elementor-container elementor-column-gap-default\">\n\t\t\t\t\t<div class=\"elementor-column elementor-col-100 elementor-top-column elementor-element elementor-element-6ad922a1\" data-id=\"6ad922a1\" data-element_type=\"column\">\n\t\t\t<div class=\"elementor-widget-wrap elementor-element-populated\">\n\t\t\t\t\t\t<div class=\"elementor-element elementor-element-2888f3f elementor-widget elementor-widget-text-editor\" data-id=\"2888f3f\" data-element_type=\"widget\" data-widget_type=\"text-editor.default\">\n\t\t\t\t<div class=\"elementor-widget-container\">\n\t\t\t\t\t\t\t\t\t<p><a href=\"https:\/\/elevat.com.mx\/?page_id=1998\">\u00a0AVISO DE PRIVACIDAD<\/a><\/p>\t\t\t\t\t\t\t\t<\/div>\n\t\t\t\t<\/div>\n\t\t\t\t<div class=\"elementor-element elementor-element-35fcf08 elementor-widget elementor-widget-text-editor\" data-id=\"35fcf08\" data-element_type=\"widget\" data-widget_type=\"text-editor.default\">\n\t\t\t\t<div class=\"elementor-widget-container\">\n\t\t\t\t\t\t\t\t\t<p>\u00a0ELEVAT \u00ae 2022. Todos los derechos reservados<\/p>\t\t\t\t\t\t\t\t<\/div>\n\t\t\t\t<\/div>\n\t\t\t\t\t<\/div>\n\t\t<\/div>\n\t\t\t\t\t<\/div>\n\t\t<\/section>\n\t\t\t\t<\/div>\n\t\t","protected":false},"excerpt":{"rendered":"<p>Seguridad en el ascensor Hoy en d\u00eda, cada vez hay m\u00e1s construcciones en lo vertical, por ende, m\u00e1s elevadores, demos un vistazo a c\u00f3mo prevenir accidentes de seguridad en los mismos. Esta informaci\u00f3n es importante, tanto para los pasajeros&hellip; Facebook Twitter Youtube Instagram \u00a0AVISO DE PRIVACIDAD \u00a0ELEVAT \u00ae 2022. Todos los derechos reservados<\/p>\n","protected":false},"author":1,"featured_media":0,"parent":0,"menu_order":0,"comment_status":"closed","ping_status":"closed","template":"template-page-builders.php","meta":{"footnotes":""},"class_list":["post-1613","page","type-page","status-publish","hentry"],"_links":{"self":[{"href":"https:\/\/elevat.com.mx\/index.php?rest_route=\/wp\/v2\/pages\/1613","targetHints":{"allow":["GET"]}}],"collection":[{"href":"https:\/\/elevat.com.mx\/index.php?rest_route=\/wp\/v2\/pages"}],"about":[{"href":"https:\/\/elevat.com.mx\/index.php?rest_route=\/wp\/v2\/types\/page"}],"author":[{"embeddable":true,"href":"https:\/\/elevat.com.mx\/index.php?rest_route=\/wp\/v2\/users\/1"}],"replies":[{"embeddable":true,"href":"https:\/\/elevat.com.mx\/index.php?rest_route=%2Fwp%2Fv2%2Fcomments&post=1613"}],"version-history":[{"count":10,"href":"https:\/\/elevat.com.mx\/index.php?rest_route=\/wp\/v2\/pages\/1613\/revisions"}],"predecessor-version":[{"id":2029,"href":"https:\/\/elevat.com.mx\/index.php?rest_route=\/wp\/v2\/pages\/1613\/revisions\/2029"}],"wp:attachment":[{"href":"https:\/\/elevat.com.mx\/index.php?rest_route=%2Fwp%2Fv2%2Fmedia&parent=1613"}],"curies":[{"name":"wp","href":"https:\/\/api.w.org\/{rel}","templated":true}]}}